{"id":2297,"date":"2025-10-28T21:03:18","date_gmt":"2025-10-28T21:03:18","guid":{"rendered":"https:\/\/bonorewards.com\/?post_type=product&#038;p=2297"},"modified":"2025-11-04T22:26:49","modified_gmt":"2025-11-04T22:26:49","slug":"helado-premium","status":"publish","type":"product","link":"https:\/\/bonorewards.com\/?product=helado-premium","title":{"rendered":"Helado premium"},"content":{"rendered":"<p>\u00a1La mejor combinaci\u00f3n lleg\u00f3 a tu mesa!<br data-start=\"430\" data-end=\"433\" \/>Por la compra de <strong data-start=\"450\" data-end=\"469\">3 hamburguesas<\/strong>, te regalamos un <strong data-start=\"487\" data-end=\"505\">helado premium<\/strong> para que termines con el toque m\u00e1s dulce.<\/p>\n    <div class=\"masteqr-postwarpper\" id=\"masteqr-wrap69fd1f2320b1e\"><div style=\"text-align:left\" id=\"masteqr-post69fd1f2320b1e\" class=\"masteqr-post\"  data-size=\"300\" data-content=\"https:\/\/bonorewards.com\"><\/div><div class =\"mqrbtnalign\" style=\"    display: flex;justify-content:left\"><div style=\"width:300px;display:flex;align-items: center;justify-content: center;font-size: small\"><a class=\"mqrdownload\" data-download=\"Helado premium.png\"><span style=\"color:#fff;background:#e53463\" class=\"mqrdospan\">Download QR<\/span><\/a><span class=\"mqrprints\" id=\"printButtoncont69fd1f2320b1e\" style=\"margin-left:10px;color:#fff;background:#e53463\";>Print QR<\/span>\n                <\/div><\/div><\/div>","protected":false},"excerpt":{"rendered":"<p>\u00a1La mejor combinaci\u00f3n lleg\u00f3 a tu mesa!Por la compra de 3 hamburguesas, te regalamos un helado premium para que termines con el toque m\u00e1s dulce. Download QRPrint QR<\/p>\n","protected":false},"featured_media":2298,"comment_status":"open","ping_status":"closed","template":"","meta":{"_acf_changed":false},"product_brand":[],"product_cat":[25],"product_tag":[],"class_list":{"0":"post-2297","1":"product","2":"type-product","3":"status-publish","4":"has-post-thumbnail","6":"product_cat-sin-categorizar","8":"first","9":"instock","10":"sale","11":"taxable","12":"shipping-taxable","13":"purchasable","14":"product-type-simple"},"acf":[],"jetpack_sharing_enabled":true,"_links":{"self":[{"href":"https:\/\/bonorewards.com\/index.php?rest_route=\/wp\/v2\/product\/2297","targetHints":{"allow":["GET"]}}],"collection":[{"href":"https:\/\/bonorewards.com\/index.php?rest_route=\/wp\/v2\/product"}],"about":[{"href":"https:\/\/bonorewards.com\/index.php?rest_route=\/wp\/v2\/types\/product"}],"replies":[{"embeddable":true,"href":"https:\/\/bonorewards.com\/index.php?rest_route=%2Fwp%2Fv2%2Fcomments&post=2297"}],"wp:featuredmedia":[{"embeddable":true,"href":"https:\/\/bonorewards.com\/index.php?rest_route=\/wp\/v2\/media\/2298"}],"wp:attachment":[{"href":"https:\/\/bonorewards.com\/index.php?rest_route=%2Fwp%2Fv2%2Fmedia&parent=2297"}],"wp:term":[{"taxonomy":"product_brand","embeddable":true,"href":"https:\/\/bonorewards.com\/index.php?rest_route=%2Fwp%2Fv2%2Fproduct_brand&post=2297"},{"taxonomy":"product_cat","embeddable":true,"href":"https:\/\/bonorewards.com\/index.php?rest_route=%2Fwp%2Fv2%2Fproduct_cat&post=2297"},{"taxonomy":"product_tag","embeddable":true,"href":"https:\/\/bonorewards.com\/index.php?rest_route=%2Fwp%2Fv2%2Fproduct_tag&post=2297"}],"curies":[{"name":"wp","href":"https:\/\/api.w.org\/{rel}","templated":true}]}}